{"id":3,"date":"2021-11-30T07:35:29","date_gmt":"2021-11-30T06:35:29","guid":{"rendered":"http:\/\/www.ekiz-sued.at\/ekiz\/?page_id=3"},"modified":"2022-01-05T16:46:17","modified_gmt":"2022-01-05T15:46:17","slug":"datenschutzerklaerung","status":"publish","type":"page","link":"https:\/\/www.ekiz-sued.at\/ekiz\/ekiz\/datenschutzerklaerung\/","title":{"rendered":"Datenschutzerkl\u00e4rung"},"content":{"rendered":"<div class=\"content-links\">\n<ul class=\"nav nav-tabs nav-stacked\">\n<li class=\"content-links-a\"><a href=\"https:\/\/www.ekiz-sued.at\/ekiz\/wp-content\/uploads\/2022\/01\/Datenschutzerklaerung.pdf\" target=\"_blank\" rel=\"noopener\">Datenschutz &#8211; Download, pdf<\/a><\/li>\n<\/ul>\n<\/div>\n<p><b>1. Rechtsgrundlage<\/b> <\/p>\n<p>1.1. Die EU-Datenschutz-Grundverordnung, das Datenschutzgesetz 2000 sowie das Datenschutz-Anpassungsgesetz 2018 dienen dem Recht auf Schutz personenbezogener Daten. Wir verarbeiten Ihre Daten ausschlie\u00dflich auf Grundlage der gesetzlichen Bestimmungen (DSGVO, DSG 2018, TKG 2003). <\/p>\n<p><b> 2. Grunds\u00e4tzliches <\/b><\/p>\n<p>2.1. Verantwortlicher ist Eltern- Kind- Zentrum S\u00fcd<\/p>\n<p>2.2. Vertreter des Verantwortlichen ist Janou H\u00f6dl- Scheibengraf 0664\/9114080<\/p>\n<p>2.3. Uns ist es ein besonderes Anliegen, alle personenbezogenen Daten, die Sie uns anvertrauen, zu sch\u00fctzen und sicher zu verwahren. In diesem Dokument erfahren Sie mehr dar\u00fcber, wie wir Ihre personenbezogenen Daten verwenden und verarbeiten. <\/p>\n<p><b>3. Zweckbindung, Rechtsgrundlage, Speicherdauer sowie Datenempf\u00e4nger <\/b><\/p>\n<p>3.1. Die gesammelten personenbezogenen Daten ben\u00f6tigen wir f\u00fcr Verarbeitung z.B. zur Vertragserf\u00fcllung, Verrechnung, Geltendmachung der Vertragsanspr\u00fcche, f\u00fcr Zwecke des Kundenservice und f\u00fcr Werbezwecke. Die Daten werden hierf\u00fcr erhoben, gespeichert, verarbeitet und genutzt.<\/p>\n<p>3.2. Die rechtlichen Grundlagen f\u00fcr die Verarbeitung von Ihren personenbezogenen Daten sind einerseits Vertragserf\u00fcllung Teilnahme an geschlossenen Veranstaltungen wie Eltern-Kind-Gruppen, Elternbildungsveranstaltungen\u2026, berechtigte Interessen, die Erf\u00fcllung unserer rechtlichen bzw. vertraglichen Verpflichtungen sowie andererseits Ihre Einwilligung Kontaktformular, Newsletter, Cookies . Die Nichtbereitstellung der Daten kann unterschiedliche Folgen haben.<\/p>\n<p>3.3. Zudem verarbeiten wir Daten, die wir zul\u00e4ssigerweise erhalten haben. Dabei handelt es sich um grundlegende personenbezogene Daten wie Ihren Namen, Ihre berufliche Position, Ihr Geburtsdatum sowie Ihre bevorzugten Kontaktangaben E-Mail Adresse, Adresse, Telefonnummer.<\/p>\n<p>3.4. Wir verarbeiten Ihre personenbezogenen Daten, soweit erforderlich, f\u00fcr die Dauer der gesamten Gesch\u00e4ftsbeziehung (von der Anbahnung, Abwicklung bis zur Beendigung eines Vertrags) sowie dar\u00fcber hinaus gem\u00e4\u00df den gesetzlichen Aufbewahrungs- und Dokumentationspflichten, die sich u.a. aus dem Unternehmensgesetzbuch (UGB), der Bundesabgabenordnung (BAO) ergeben sowie bis zur Beendigung eines allf\u00e4lligen Rechtsstreits, fortlaufender Gew\u00e4hrleistungs- und Garantiefristen usw.<\/p>\n<p>3.5. Im Rahmen der Betreibung unserer Websites beauftragen wir Hostprofis, Creativum und Mailchimp, die im Zuge ihrer T\u00e4tigkeiten Zugriff auf Ihre personenbezogenen Daten erlangen k\u00f6nnen, sofern diese die Daten zur Erf\u00fcllung ihrer jeweiligen Leistung ben\u00f6tigen. Diese haben sich zur Einhaltung der geltenden datenschutzrechtlichen Bestimmungen uns gegen\u00fcber verpflichtet. Die Auftragsverarbeiter k\u00f6nnen Sie unter <span id=\"cloak54fd660ee60bab881a1ee08f3a70f66c\"><a href=\"mailto:info@ekiz-sued.at\">info@ekiz-sued.at<\/a><\/span> anfragen.<\/p>\n<p>3.6. Die in Vereinbarungen angegebenen personenbezogenen Daten, insbesondere Name, Anschrift, Telefonnummer, E-Mail-Adresse, Sozialversicherungsnummer und Sozialversicherungsstatus, Steuer-Nr., Ausbildungsnachweise und die Bankdaten werden vom EKIZ S\u00fcd vertraulich behandelt<\/p>\n<p>Die Kontodaten werden bei Angestellten nur an die Lohnverrechnung weitergegeben um Geh\u00e4lter ausbezahlen zu k\u00f6nnen. Name und Berufsbezeichnung werden f\u00fcr unsere F\u00f6rderansuchen ben\u00f6tigt und bei den EKiZ Leistungen\/ Programm aufgez\u00e4hlt.<\/p>\n<p><b>4. Kontaktformular <\/b><\/p>\n<p>4.1. Ihre Angaben inklusive pers\u00f6nlicher Daten aus unserem Kontaktformular werden zur Bearbeitung Ihrer Anfrage \u00fcber unseren eigenen Mailserver an uns \u00fcbermittelt, weiterverarbeitet und bei uns gespeichert. Diese Daten werden ohne Ihre Einverst\u00e4ndniserkl\u00e4rung nicht erhoben oder weitergegeben. Ohne diese Daten k\u00f6nnen wir Ihre Anfragen nicht bearbeiten.<\/p>\n<p>4.2. Die Datenverarbeitung erfolgt auf Basis der gesetzlichen Bestimmungen des \u00a7 96 Abs. 3 TKG sowie des Art 6 Abs. 1 lit a (Einwilligung) DSGVO. <\/p>\n<p><b>5. Newsletter <\/p>\n<p><\/b> 5.1. Sie k\u00f6nnen sich auf der Website, per Mail oder bei Mailchimp f\u00fcr unseren Newsletter anmelden<\/p>\n<p>Sie k\u00f6nnen sich vom Newsletter abmelden, indem Sie den Abmelde-Link am Ende jedes Newsletters bet\u00e4tigen oder wenn sie uns ein Mail an <span id=\"cloakaf1048f1fc82b2406b9279c99e07a3ac\"><a href=\"mailto:info@ekiz-sued.at\">info@ekiz-sued.at<\/a><\/span> schicken.<\/p>\n<p>5.2. F\u00fcr den Versand unseres Newsletters beauftragen wir Auftragsverarbeiter. Diese haben sich zur Einhaltung der geltenden datenschutzrechtlichen Bestimmungen uns gegen\u00fcber verpflichtet. Es wurde ein Auftragsverarbeitungsvertrag gem\u00e4\u00df Art 28 DSGVO abgeschlossen. N\u00e4here Informationen zu den von uns beauftragten Auftragsverarbeitern k\u00f6nnen Sie unter <span id=\"cloakd3a379cafd0dd927a60395638bdc80a8\"><a href=\"mailto:info@ekiz-sued.atanfragen\">info@ekiz-sued.atanfragen<\/a><\/span>.<\/p>\n<p>5.3. Die Datenverarbeitung erfolgt auf Basis der gesetzlichen Bestimmungen des \u00a7 96 Abs. 3 TKG sowie des Art 6 Abs. 1 lit a (Einwilligung) DSGVO. <\/p>\n<p><b>7 Cookies, andere Tracking Tools sowie Web-Analyse [bei Verwendung von Web Analyse Tools wie Google Analytics, E-Tracker, etc.] <\/p>\n<p><\/b> 7.1. Cookies, andere Tracking-Technologien sowie Funktionen des Webanalysedienstes [Name des Tools und Firma des Anbieters samt Unternehmenssitz einschlie\u00dflich Information, ob Daten an ein (au\u00dfereurop\u00e4isches) Drittland \u00fcbertragen werden] k\u00f6nnen auf unserer Internetplattform auf vielf\u00e4ltige Art und Weise zum Einsatz kommen. Cookies sind kleine Textinformationen, die eine Wiedererkennung des Nutzers und eine Analyse Ihrer Nutzung unserer Websites m\u00f6glich machen. Die dadurch erzeugten Informationen werden auf den Server des Anbieters \u00fcbertragen und dort gespeichert. Sie dienen dazu, unsere Internetpr\u00e4senz insgesamt nutzerfreundlicher, effektiver sowie sicherer zu machen. Zudem dienen Cookies zur Messung der H\u00e4ufigkeit von Seitenaufrufen und zur allgemeinen Navigation.<\/p>\n<p>&nbsp;<\/p>\n<p>7.2. Durch die Nutzung unserer Website willigen Sie damit ein, dass wir Cookies setzen. Sie k\u00f6nnen in Ihren Browsereinstellungen die Annahme von Cookies verweigern. Wie dies im Einzelnen funktioniert, entnehmen Sie bitte der Anleitung Ihres Browser-Herstellers. Wenn Sie sich gegen bestimmte technische und\/oder funktionelle Cookies entscheiden, k\u00f6nnte die Funktionalit\u00e4t unserer Website eventuell eingeschr\u00e4nkt werden. Einige Cookies bleiben auf Ihrem Endger\u00e4t gespeichert, bis Sie diese l\u00f6schen.<\/p>\n<p>&nbsp;<\/p>\n<p>7.3. Wir haben mit dem Anbieter einen entsprechenden Vertrag zur Auftragsdatenverarbeitung abgeschlossen. Diese haben sich zur Einhaltung der geltenden datenschutzrechtlichen Bestimmungen uns gegen\u00fcber verpflichtet. N\u00e4here Informationen zu den von uns beauftragten Auftragsverarbeitern k\u00f6nnen Sie unter <span id=\"cloak842879f1d49dd4d0d35a97868f9629f5\"><a href=\"mailto:info@ekiz-sued.at\">info@ekiz-sued.at<\/a><\/span> anfragen.<\/p>\n<p>7.4. Ihre IP-Adresse wird erfasst, aber umgehend z.B. durch L\u00f6schung der letzten 8 Bit pseudonymisiert. Dadurch ist nur mehr eine grobe Lokalisierung m\u00f6glich.<\/p>\n<p>7.5. Die Beziehung zum Webanalyseanbieter basiert auf [z.B. Standardvertragsklauseln\/einem Angemessenheitsbeschluss der Europ\u00e4ischen Kommission].<\/p>\n<p>7.6. Die Datenverarbeitung erfolgt auf Basis der gesetzlichen Bestimmungen des \u00a7 96 Abs. 3 TKG sowie des Art 6 DSGVO (insbesondere Einwilligung). Da uns die Privatsph\u00e4re unserer Nutzer wichtig ist, werden die Nutzerdaten pseudonymisiert [Pseudonymisierung muss mit dem Webanalysedienst abgekl\u00e4rt werden]. <\/p>\n<p><b>8. Einwilligung und Recht auf Widerruf <\/p>\n<p><\/b> 8.1. Ist f\u00fcr die Verarbeitung Ihrer Daten Ihre Zustimmung notwendig, verarbeiten wir diese erst nach Ihrer ausdr\u00fccklichen Zustimmung.<\/p>\n<p>8.2. Grunds\u00e4tzlich verarbeiten wir keine Daten minderj\u00e4hriger Personen und sind dazu auch nicht befugt. Mit der Abgabe Ihrer Zustimmung best\u00e4tigen Sie, dass Sie das 14. Lebensjahr vollendet haben oder die Zustimmung Ihres gesetzlichen Vertreters vorliegt.<\/p>\n<p>8.3. Ihre Zustimmung k\u00f6nnen Sie jederzeit unter folgender E-Mail Adresse widerrufen: <span id=\"cloak5f6167191f55aaa94f9336823d3a1a5c\"><a href=\"mailto:info@ekiz-sued.at\">info@ekiz-sued.at<\/a><\/span>. In einem solchen Fall werden die bisher \u00fcber Sie gespeicherten Daten anonymisiert und in weiterer Folge lediglich f\u00fcr statistische Zwecke ohne Personenbezug weiterverwendet. Mittels des Widerrufs der Zustimmung wird die Rechtm\u00e4\u00dfigkeit der aufgrund der Zustimmung bis zum Widerruf erfolgten Verarbeitung nicht ber\u00fchrt. <\/p>\n<p><b>9. Datensicherheit <\/p>\n<p><\/b> 9.1. Eltern- Kind- Zentrum S\u00fcd, r\u00f6merdorf 2, 8435 Wagna, <span id=\"cloak73645cbdc099feb5634078c3886daa97\"><a href=\"mailto:info@ekiz-sued.at\">info@ekiz-sued.at<\/a><\/span> setzt technische und organisatorische Sicherheitsma\u00dfnahmen ein, um die gespeicherten personenbezogenen Daten gegen zuf\u00e4llige oder vors\u00e4tzliche Manipulation, Verlust oder Zerst\u00f6rung und gegen den Zugriff unberechtigter Personen zu sch\u00fctzen. Unsere Sicherheitsma\u00dfnahmen werden entsprechend des technischen Fortschritts fortlaufend verbessert.<\/p>\n<p><b>10. Ihre Rechte <\/p>\n<p><\/b> 10.1. Sie haben jederzeit das Recht auf Auskunft seitens des Verantwortlichen Janou H\u00f6dl- Scheibengraf, 0664\/9114080 oder <span id=\"cloaka7ae25118c40da2c3fa1b8de20b1cd87\"><a href=\"mailto:info@ekiz-sued.at\">info@ekiz-sued.at<\/a><\/span> \u00fcber die betreffenden personenbezogenen Daten. Soweit keine gesetzliche Aufbewahrungspflicht besteht, haben Sie das Recht auf L\u00f6schung dieser Daten sowie Widerspruch gegen die Verarbeitung. Ferner haben Sie das Recht auf Berichtigung der Daten sowie auf Einschr\u00e4nkung der Verarbeitung, auf Daten\u00fcbertragbarkeit sowie auf Beschwerde bei der \u00d6sterreichischen Datenschutzbeh\u00f6rde (Wickenburggasse 8-10, 1080 Wien, E-Mail: <span id=\"cloak719d1ed96c255296ca509eb62d61e037\"><a href=\"mailto:dsb@dsb.gv.at\">dsb@dsb.gv.at<\/a><\/span>).<\/p>\n<p>10.2. Wenden Sie sich bez\u00fcglich Ihrer Rechte bitte an uns unter <span id=\"cloak09c2b3e3dd500ce2c0f60b59a7ba926c\"><a href=\"mailto:info@ekiz-sued.at\">info@ekiz-sued.at<\/a><\/span> oder schreiben Sie an:<\/p>\n<p>Janou H\u00f6dl- Scheibengraf<\/p>\n<p>R\u00f6merdorf 2, 8435 Wagna<\/p>\n<p>0664\/9114080<\/p>\n<p><span id=\"cloakb841c6400c58b782a61c811175330bb9\"><a href=\"mailto:info@ekiz-sued.at\">info@ekiz-sued.at<\/a><\/span><\/p>\n","protected":false},"excerpt":{"rendered":"<p>Datenschutz &#8211; Download, pdf 1. Rechtsgrundlage 1.1. Die EU-Datenschutz-Grundverordnung, das Datenschutzgesetz 2000 sowie das Datenschutz-Anpassungsgesetz 2018 dienen dem Recht auf Schutz personenbezogener Daten. Wir verarbeiten Ihre Daten ausschlie\u00dflich auf Grundlage der gesetzlichen Bestimmungen (DSGVO, DSG 2018, TKG 2003). 2. Grunds\u00e4tzliches 2.1. Verantwortlicher ist Eltern- Kind- Zentrum S\u00fcd 2.2. Vertreter des Verantwortlichen ist Janou H\u00f6dl- Scheibengraf [&hellip;]<\/p>\n","protected":false},"author":1,"featured_media":0,"parent":1122,"menu_order":6,"comment_status":"closed","ping_status":"closed","template":"","meta":{"footnotes":""},"class_list":["post-3","page","type-page","status-publish","hentry"],"_links":{"self":[{"href":"https:\/\/www.ekiz-sued.at\/ekiz\/wp-json\/wp\/v2\/pages\/3","targetHints":{"allow":["GET"]}}],"collection":[{"href":"https:\/\/www.ekiz-sued.at\/ekiz\/wp-json\/wp\/v2\/pages"}],"about":[{"href":"https:\/\/www.ekiz-sued.at\/ekiz\/wp-json\/wp\/v2\/types\/page"}],"author":[{"embeddable":true,"href":"https:\/\/www.ekiz-sued.at\/ekiz\/wp-json\/wp\/v2\/users\/1"}],"replies":[{"embeddable":true,"href":"https:\/\/www.ekiz-sued.at\/ekiz\/wp-json\/wp\/v2\/comments?post=3"}],"version-history":[{"count":3,"href":"https:\/\/www.ekiz-sued.at\/ekiz\/wp-json\/wp\/v2\/pages\/3\/revisions"}],"predecessor-version":[{"id":3671,"href":"https:\/\/www.ekiz-sued.at\/ekiz\/wp-json\/wp\/v2\/pages\/3\/revisions\/3671"}],"up":[{"embeddable":true,"href":"https:\/\/www.ekiz-sued.at\/ekiz\/wp-json\/wp\/v2\/pages\/1122"}],"wp:attachment":[{"href":"https:\/\/www.ekiz-sued.at\/ekiz\/wp-json\/wp\/v2\/media?parent=3"}],"curies":[{"name":"wp","href":"https:\/\/api.w.org\/{rel}","templated":true}]}}